{"id":11541,"date":"2024-03-19T20:02:43","date_gmt":"2024-03-19T18:02:43","guid":{"rendered":"https:\/\/medialabel.com\/equipo\/"},"modified":"2024-12-30T19:11:32","modified_gmt":"2024-12-30T17:11:32","slug":"equipo","status":"publish","type":"page","link":"https:\/\/medialabel.com\/es\/equipo\/","title":{"rendered":"Equipo"},"content":{"rendered":"\t\t<div data-elementor-type=\"wp-page\" data-elementor-id=\"11541\" class=\"elementor elementor-11541 elementor-8246\" data-elementor-post-type=\"page\">\n\t\t\t\t<div class=\"elementor-element elementor-element-1cf11d1 section e-flex e-con-boxed e-con e-parent\" data-id=\"1cf11d1\" data-element_type=\"container\" data-e-type=\"container\">\n\t\t\t\t\t<div class=\"e-con-inner\">\n\t\t<div class=\"elementor-element elementor-element-a09df0b e-con-full rounded blue e-flex e-con e-child\" data-id=\"a09df0b\" data-element_type=\"container\" data-e-type=\"container\" data-settings=\"{&quot;background_background&quot;:&quot;classic&quot;}\">\n\t\t<div class=\"elementor-element elementor-element-aaa88c2 e-con-full e-flex e-con e-child\" data-id=\"aaa88c2\" data-element_type=\"container\" data-e-type=\"container\">\n\t\t<div class=\"elementor-element elementor-element-e9898f4 e-con-full blue e-flex e-con e-child\" data-id=\"e9898f4\" data-element_type=\"container\" data-e-type=\"container\" data-settings=\"{&quot;background_background&quot;:&quot;classic&quot;}\">\n\t\t<div class=\"elementor-element elementor-element-d2b75ab e-flex e-con-boxed e-con e-child\" data-id=\"d2b75ab\" data-element_type=\"container\" data-e-type=\"container\">\n\t\t\t\t\t<div class=\"e-con-inner\">\n\t\t<div class=\"elementor-element elementor-element-108e8a8 e-con-full e-flex e-con e-child\" data-id=\"108e8a8\" data-element_type=\"container\" data-e-type=\"container\">\n\t\t\t\t<div class=\"elementor-element elementor-element-ec1491c elementor-widget__width-auto bulina elementor-widget elementor-widget-heading\" data-id=\"ec1491c\" data-element_type=\"widget\" data-e-type=\"widget\" data-widget_type=\"heading.default\">\n\t\t\t\t<div class=\"elementor-widget-container\">\n\t\t\t\t\t<span class=\"elementor-heading-title elementor-size-default\">Motivaci\u00f3n<\/span>\t\t\t\t<\/div>\n\t\t\t\t<\/div>\n\t\t\t\t<div class=\"elementor-element elementor-element-7faf9a7 box-title elementor-widget elementor-widget-heading\" data-id=\"7faf9a7\" data-element_type=\"widget\" data-e-type=\"widget\" data-widget_type=\"heading.default\">\n\t\t\t\t<div class=\"elementor-widget-container\">\n\t\t\t\t\t<h1 class=\"elementor-heading-title elementor-size-default\">equipo<span class=\"red-dot\"><\/span><\/h1>\t\t\t\t<\/div>\n\t\t\t\t<\/div>\n\t\t\t\t<div class=\"elementor-element elementor-element-c1d362a box-subtitle elementor-widget elementor-widget-heading\" data-id=\"c1d362a\" data-element_type=\"widget\" data-e-type=\"widget\" data-widget_type=\"heading.default\">\n\t\t\t\t<div class=\"elementor-widget-container\">\n\t\t\t\t\t<h2 class=\"elementor-heading-title elementor-size-default\">50 entusiastas, una comunidad y t\u00fa.<\/h2>\t\t\t\t<\/div>\n\t\t\t\t<\/div>\n\t\t\t\t<\/div>\n\t\t<div class=\"elementor-element elementor-element-3ee1315 e-flex e-con-boxed e-con e-child\" data-id=\"3ee1315\" data-element_type=\"container\" data-e-type=\"container\">\n\t\t\t\t\t<div class=\"e-con-inner\">\n\t\t\t\t<div class=\"elementor-element elementor-element-755a799 box-text elementor-widget elementor-widget-heading\" data-id=\"755a799\" data-element_type=\"widget\" data-e-type=\"widget\" data-widget_type=\"heading.default\">\n\t\t\t\t<div class=\"elementor-widget-container\">\n\t\t\t\t\t<p class=\"elementor-heading-title elementor-size-default\"><b>Trabajamos con marcas e influencers en nuestra propia plataforma de marketing de influencers basada en resultados. <\/b><br><br> Las personas influyentes crean sus propios contenidos bas\u00e1ndose en las instrucciones que les damos nosotros y nuestros clientes, y dirigen las campa\u00f1as en sus canales. <\/p>\t\t\t\t<\/div>\n\t\t\t\t<\/div>\n\t\t\t\t\t<\/div>\n\t\t\t\t<\/div>\n\t\t\t\t\t<\/div>\n\t\t\t\t<\/div>\n\t\t\t\t<\/div>\n\t\t\t\t<\/div>\n\t\t\t\t<\/div>\n\t\t\t\t\t<\/div>\n\t\t\t\t<\/div>\n\t\t<div class=\"elementor-element elementor-element-ced9f9b e-flex e-con-boxed e-con e-parent\" data-id=\"ced9f9b\" data-element_type=\"container\" data-e-type=\"container\">\n\t\t\t\t\t<div class=\"e-con-inner\">\n\t\t\t\t<div class=\"elementor-element elementor-element-c2f1b15 elementor-widget elementor-widget-spacer\" data-id=\"c2f1b15\" data-element_type=\"widget\" data-e-type=\"widget\" data-widget_type=\"spacer.default\">\n\t\t\t\t<div class=\"elementor-widget-container\">\n\t\t\t\t\t\t\t<div class=\"elementor-spacer\">\n\t\t\t<div class=\"elementor-spacer-inner\"><\/div>\n\t\t<\/div>\n\t\t\t\t\t\t<\/div>\n\t\t\t\t<\/div>\n\t\t\t\t\t<\/div>\n\t\t\t\t<\/div>\n\t\t<div class=\"elementor-element elementor-element-4f0003e section e-flex e-con-boxed e-con e-parent\" data-id=\"4f0003e\" data-element_type=\"container\" data-e-type=\"container\">\n\t\t\t\t\t<div class=\"e-con-inner\">\n\t\t<div class=\"elementor-element elementor-element-edb0799 e-con-full unrounded grey e-flex e-con e-child\" data-id=\"edb0799\" data-element_type=\"container\" data-e-type=\"container\">\n\t\t\t\t<div class=\"elementor-element elementor-element-2e42630 box-subtitle3 elementor-widget elementor-widget-heading\" data-id=\"2e42630\" data-element_type=\"widget\" data-e-type=\"widget\" data-widget_type=\"heading.default\">\n\t\t\t\t<div class=\"elementor-widget-container\">\n\t\t\t\t\t<h2 class=\"elementor-heading-title elementor-size-default\">medialabel oficina<\/h2>\t\t\t\t<\/div>\n\t\t\t\t<\/div>\n\t\t<div class=\"elementor-element elementor-element-f124256 e-con-full e-flex e-con e-child\" data-id=\"f124256\" data-element_type=\"container\" data-e-type=\"container\">\n\t\t<div class=\"elementor-element elementor-element-f49bc1b e-con-full e-flex e-con e-child\" data-id=\"f49bc1b\" data-element_type=\"container\" data-e-type=\"container\">\n\t\t\t\t<div class=\"elementor-element elementor-element-abffc09 box-subtitle elementor-widget__width-initial elementor-widget elementor-widget-heading\" data-id=\"abffc09\" data-element_type=\"widget\" data-e-type=\"widget\" data-widget_type=\"heading.default\">\n\t\t\t\t<div class=\"elementor-widget-container\">\n\t\t\t\t\t<h3 class=\"elementor-heading-title elementor-size-default\">Sala para crear.<\/h3>\t\t\t\t<\/div>\n\t\t\t\t<\/div>\n\t\t\t\t<div class=\"elementor-element elementor-element-22251f7 box-text elementor-widget__width-initial elementor-widget elementor-widget-heading\" data-id=\"22251f7\" data-element_type=\"widget\" data-e-type=\"widget\" data-widget_type=\"heading.default\">\n\t\t\t\t<div class=\"elementor-widget-container\">\n\t\t\t\t\t<p class=\"elementor-heading-title elementor-size-default\">Tenemos un sitio para todos. En nuestra moderna oficina de Berl\u00edn, te ofrecemos todo lo que necesitas para trabajar, tanto si prefieres hacerlo en grupo, solo, en un escritorio o en el sof\u00e1. Le ofrecemos el mejor ambiente de trabajo y la tecnolog\u00eda m\u00e1s avanzada para que pueda dar rienda suelta a su potencial.  <\/p>\t\t\t\t<\/div>\n\t\t\t\t<\/div>\n\t\t\t\t<\/div>\n\t\t<div class=\"elementor-element elementor-element-bc029f7 e-con-full blue rounded  e-flex e-con e-child\" data-id=\"bc029f7\" data-element_type=\"container\" data-e-type=\"container\" data-settings=\"{&quot;background_background&quot;:&quot;classic&quot;}\">\n\t\t\t\t<\/div>\n\t\t\t\t<\/div>\n\t\t\t\t<\/div>\n\t\t\t\t\t<\/div>\n\t\t\t\t<\/div>\n\t\t<div class=\"elementor-element elementor-element-a5e216f section e-flex e-con-boxed e-con e-parent\" data-id=\"a5e216f\" data-element_type=\"container\" data-e-type=\"container\">\n\t\t\t\t\t<div class=\"e-con-inner\">\n\t\t\t\t<div class=\"elementor-element elementor-element-1652902 elementor-widget elementor-widget-html\" data-id=\"1652902\" data-element_type=\"widget\" data-e-type=\"widget\" data-widget_type=\"html.default\">\n\t\t\t\t<div class=\"elementor-widget-container\">\n\t\t\t\t\t<a name=\"career\"><\/a>\t\t\t\t<\/div>\n\t\t\t\t<\/div>\n\t\t<div class=\"elementor-element elementor-element-7f696e7 e-con-full unrounded e-flex e-con e-child\" data-id=\"7f696e7\" data-element_type=\"container\" data-e-type=\"container\">\n\t\t<div class=\"elementor-element elementor-element-283c7a3 e-con-full e-flex e-con e-child\" data-id=\"283c7a3\" data-element_type=\"container\" data-e-type=\"container\">\n\t\t<div class=\"elementor-element elementor-element-47ea2bc e-con-full justrounded blue e-flex e-con e-child\" data-id=\"47ea2bc\" data-element_type=\"container\" data-e-type=\"container\" data-settings=\"{&quot;background_background&quot;:&quot;classic&quot;}\">\n\t\t<div class=\"elementor-element elementor-element-34febda e-con-full e-flex e-con e-child\" data-id=\"34febda\" data-element_type=\"container\" data-e-type=\"container\">\n\t\t\t\t<div class=\"elementor-element elementor-element-f85d6b4 box-subtitle elementor-widget__width-initial elementor-widget elementor-widget-heading\" data-id=\"f85d6b4\" data-element_type=\"widget\" data-e-type=\"widget\" data-widget_type=\"heading.default\">\n\t\t\t\t<div class=\"elementor-widget-container\">\n\t\t\t\t\t<h2 class=\"elementor-heading-title elementor-size-default\">Nuestra misi\u00f3n, sus ventajas.<\/h2>\t\t\t\t<\/div>\n\t\t\t\t<\/div>\n\t\t\t\t<div class=\"elementor-element elementor-element-bb875c8 box-text elementor-widget elementor-widget-text-editor\" data-id=\"bb875c8\" data-element_type=\"widget\" data-e-type=\"widget\" data-widget_type=\"text-editor.default\">\n\t\t\t\t<div class=\"elementor-widget-container\">\n\t\t\t\t\t\t\t\t\t<p><strong>Creemos que el marketing de influencers debe ser medible y predecible. Sin compromisos. <\/strong><\/p>\n<p>Pero te necesitamos para tener \u00e9xito. Adem\u00e1s de una oficina moderna, te ofrecemos subvenciones para el transporte p\u00fablico, el Urban Sports Club o tus dietas.  <\/p>\n\t\t\t\t\t\t\t\t<\/div>\n\t\t\t\t<\/div>\n\t\t\t\t<\/div>\n\t\t\t\t<\/div>\n\t\t<div class=\"elementor-element elementor-element-2547b42 e-con-full justrounded white e-flex e-con e-child\" data-id=\"2547b42\" data-element_type=\"container\" data-e-type=\"container\" data-settings=\"{&quot;background_background&quot;:&quot;classic&quot;}\">\n\t\t<div class=\"elementor-element elementor-element-f32e60e e-con-full e-flex e-con e-child\" data-id=\"f32e60e\" data-element_type=\"container\" data-e-type=\"container\">\n\t\t\t\t<div class=\"elementor-element elementor-element-37345dd box-subtitle3 elementor-widget elementor-widget-heading\" data-id=\"37345dd\" data-element_type=\"widget\" data-e-type=\"widget\" data-widget_type=\"heading.default\">\n\t\t\t\t<div class=\"elementor-widget-container\">\n\t\t\t\t\t<h2 class=\"elementor-heading-title elementor-size-default\">hi nnuevo trabajo<\/h2>\t\t\t\t<\/div>\n\t\t\t\t<\/div>\n\t\t\t\t<div class=\"elementor-element elementor-element-b75c015 box-subtitle elementor-widget__width-initial elementor-widget elementor-widget-heading\" data-id=\"b75c015\" data-element_type=\"widget\" data-e-type=\"widget\" data-widget_type=\"heading.default\">\n\t\t\t\t<div class=\"elementor-widget-container\">\n\t\t\t\t\t<h3 class=\"elementor-heading-title elementor-size-default\">\u00a1Siempre estamos buscando talentos! \u00bfNo has encontrado un trabajo a tu medida? Quiz\u00e1 a\u00fan podamos encontrar un puesto para ti.  <\/h3>\t\t\t\t<\/div>\n\t\t\t\t<\/div>\n\t\t\t\t<div class=\"elementor-element elementor-element-ed50c4f box-but right elementor-widget elementor-widget-button\" data-id=\"ed50c4f\" data-element_type=\"widget\" data-e-type=\"widget\" data-widget_type=\"button.default\">\n\t\t\t\t<div class=\"elementor-widget-container\">\n\t\t\t\t\t\t\t\t\t<div class=\"elementor-button-wrapper\">\n\t\t\t\t\t<a class=\"elementor-button elementor-button-link elementor-size-sm\" href=\"https:\/\/medialabel-network-gmbh.jobs.personio.de\/?language=en\" target=\"_blank\">\n\t\t\t\t\t\t<span class=\"elementor-button-content-wrapper\">\n\t\t\t\t\t\t<span class=\"elementor-button-icon\">\n\t\t\t\t<svg xmlns=\"http:\/\/www.w3.org\/2000\/svg\" width=\"66\" height=\"32\" viewBox=\"0 0 66 32\" fill=\"none\"><path d=\"M49.17 31.205L64.37 16.005L49.17 0.794983\" stroke=\"white\" stroke-width=\"2\" stroke-miterlimit=\"10\"><\/path><path d=\"M0 16.005H64\" stroke=\"white\" stroke-width=\"2\" stroke-miterlimit=\"10\"><\/path><\/svg>\t\t\t<\/span>\n\t\t\t\t\t\t\t\t\t<span class=\"elementor-button-text\">VER TODOS LOS PUESTOS VACANTES<\/span>\n\t\t\t\t\t<\/span>\n\t\t\t\t\t<\/a>\n\t\t\t\t<\/div>\n\t\t\t\t\t\t\t\t<\/div>\n\t\t\t\t<\/div>\n\t\t\t\t<\/div>\n\t\t\t\t<\/div>\n\t\t\t\t<\/div>\n\t\t<div class=\"elementor-element elementor-element-ba8714b e-con-full justrounded white e-flex e-con e-child\" data-id=\"ba8714b\" data-element_type=\"container\" data-e-type=\"container\" data-settings=\"{&quot;background_background&quot;:&quot;classic&quot;}\">\n\t\t<div class=\"elementor-element elementor-element-32d631b e-con-full e-flex e-con e-child\" data-id=\"32d631b\" data-element_type=\"container\" data-e-type=\"container\">\n\t\t<div class=\"elementor-element elementor-element-612e757 e-con-full e-flex e-con e-child\" data-id=\"612e757\" data-element_type=\"container\" data-e-type=\"container\">\n\t\t<div class=\"elementor-element elementor-element-83563c2 e-con-full e-flex e-con e-child\" data-id=\"83563c2\" data-element_type=\"container\" data-e-type=\"container\">\n\t\t\t\t<div class=\"elementor-element elementor-element-de55f47 elementor-widget elementor-widget-heading\" data-id=\"de55f47\" data-element_type=\"widget\" data-e-type=\"widget\" data-widget_type=\"heading.default\">\n\t\t\t\t<div class=\"elementor-widget-container\">\n\t\t\t\t\t<div class=\"elementor-heading-title elementor-size-default\">Berlin<\/div>\t\t\t\t<\/div>\n\t\t\t\t<\/div>\n\t\t\t\t<\/div>\n\t\t<div class=\"elementor-element elementor-element-e3fc5f7 e-con-full e-flex e-con e-child\" data-id=\"e3fc5f7\" data-element_type=\"container\" data-e-type=\"container\">\n\t\t\t\t<div class=\"elementor-element elementor-element-ddccf1c elementor-widget__width-initial elementor-widget elementor-widget-heading\" data-id=\"ddccf1c\" data-element_type=\"widget\" data-e-type=\"widget\" data-widget_type=\"heading.default\">\n\t\t\t\t<div class=\"elementor-widget-container\">\n\t\t\t\t\t<div class=\"elementor-heading-title elementor-size-default\">Sales &amp; Business Development Manager (m\/w\/x)<\/div>\t\t\t\t<\/div>\n\t\t\t\t<\/div>\n\t\t\t\t<div class=\"elementor-element elementor-element-7041369 elementor-widget__width-auto bulina elementor-widget elementor-widget-heading\" data-id=\"7041369\" data-element_type=\"widget\" data-e-type=\"widget\" data-widget_type=\"heading.default\">\n\t\t\t\t<div class=\"elementor-widget-container\">\n\t\t\t\t\t<span class=\"elementor-heading-title elementor-size-default\"><a href=\"https:\/\/medialabel-network-gmbh.jobs.personio.de\/job\/665569?language=de\" target=\"_blank\" rel=\"nofollow\">Descripci\u00f3n del puesto <img decoding=\"async\" data-src=\"https:\/\/medialabel.com\/wp-content\/uploads\/2024\/03\/icon-arrow-right.svg\" style=\"height: 0.6em;margin: 0 0 2px 4px\" src=\"data:image\/svg+xml;base64,PHN2ZyB3aWR0aD0iMSIgaGVpZ2h0PSIxIiB4bWxucz0iaHR0cDovL3d3dy53My5vcmcvMjAwMC9zdmciPjwvc3ZnPg==\" class=\"lazyload\"><\/a><\/span>\t\t\t\t<\/div>\n\t\t\t\t<\/div>\n\t\t\t\t<\/div>\n\t\t\t\t<\/div>\n\t\t<div class=\"elementor-element elementor-element-e0639b8 e-con-full e-flex e-con e-child\" data-id=\"e0639b8\" data-element_type=\"container\" data-e-type=\"container\">\n\t\t<div class=\"elementor-element elementor-element-991ae6e e-con-full e-flex e-con e-child\" data-id=\"991ae6e\" data-element_type=\"container\" data-e-type=\"container\">\n\t\t\t\t<div class=\"elementor-element elementor-element-9c16abc elementor-widget elementor-widget-heading\" data-id=\"9c16abc\" data-element_type=\"widget\" data-e-type=\"widget\" data-widget_type=\"heading.default\">\n\t\t\t\t<div class=\"elementor-widget-container\">\n\t\t\t\t\t<div class=\"elementor-heading-title elementor-size-default\">Berlin<\/div>\t\t\t\t<\/div>\n\t\t\t\t<\/div>\n\t\t\t\t<\/div>\n\t\t<div class=\"elementor-element elementor-element-0dbaae1 e-con-full e-flex e-con e-child\" data-id=\"0dbaae1\" data-element_type=\"container\" data-e-type=\"container\">\n\t\t\t\t<div class=\"elementor-element elementor-element-fe1f90d elementor-widget__width-initial elementor-widget elementor-widget-heading\" data-id=\"fe1f90d\" data-element_type=\"widget\" data-e-type=\"widget\" data-widget_type=\"heading.default\">\n\t\t\t\t<div class=\"elementor-widget-container\">\n\t\t\t\t\t<div class=\"elementor-heading-title elementor-size-default\">Senior Media Buyer Paid Social &amp; Google (m\/w\/d)<\/div>\t\t\t\t<\/div>\n\t\t\t\t<\/div>\n\t\t\t\t<div class=\"elementor-element elementor-element-2e5201b elementor-widget__width-auto bulina elementor-widget elementor-widget-heading\" data-id=\"2e5201b\" data-element_type=\"widget\" data-e-type=\"widget\" data-widget_type=\"heading.default\">\n\t\t\t\t<div class=\"elementor-widget-container\">\n\t\t\t\t\t<span class=\"elementor-heading-title elementor-size-default\"><a href=\"https:\/\/medialabel-network-gmbh.jobs.personio.de\/job\/1398533?language=de\" target=\"_blank\" rel=\"nofollow\">Descripci\u00f3n del puesto <img decoding=\"async\" data-src=\"https:\/\/medialabel.com\/wp-content\/uploads\/2024\/03\/icon-arrow-right.svg\" style=\"height: 0.6em;margin: 0 0 2px 4px\" src=\"data:image\/svg+xml;base64,PHN2ZyB3aWR0aD0iMSIgaGVpZ2h0PSIxIiB4bWxucz0iaHR0cDovL3d3dy53My5vcmcvMjAwMC9zdmciPjwvc3ZnPg==\" class=\"lazyload\"><\/a><\/span>\t\t\t\t<\/div>\n\t\t\t\t<\/div>\n\t\t\t\t<\/div>\n\t\t\t\t<\/div>\n\t\t<div class=\"elementor-element elementor-element-21f1608 e-con-full e-flex e-con e-child\" data-id=\"21f1608\" data-element_type=\"container\" data-e-type=\"container\">\n\t\t<div class=\"elementor-element elementor-element-0c7900d e-con-full e-flex e-con e-child\" data-id=\"0c7900d\" data-element_type=\"container\" data-e-type=\"container\">\n\t\t\t\t<div class=\"elementor-element elementor-element-e5ca519 elementor-widget elementor-widget-heading\" data-id=\"e5ca519\" data-element_type=\"widget\" data-e-type=\"widget\" data-widget_type=\"heading.default\">\n\t\t\t\t<div class=\"elementor-widget-container\">\n\t\t\t\t\t<div class=\"elementor-heading-title elementor-size-default\">Berlin<\/div>\t\t\t\t<\/div>\n\t\t\t\t<\/div>\n\t\t\t\t<\/div>\n\t\t<div class=\"elementor-element elementor-element-bf1bbea e-con-full e-flex e-con e-child\" data-id=\"bf1bbea\" data-element_type=\"container\" data-e-type=\"container\">\n\t\t\t\t<div class=\"elementor-element elementor-element-d5a7171 elementor-widget__width-initial elementor-widget elementor-widget-heading\" data-id=\"d5a7171\" data-element_type=\"widget\" data-e-type=\"widget\" data-widget_type=\"heading.default\">\n\t\t\t\t<div class=\"elementor-widget-container\">\n\t\t\t\t\t<div class=\"elementor-heading-title elementor-size-default\">Senior Sales Manager (m\/w\/d)<\/div>\t\t\t\t<\/div>\n\t\t\t\t<\/div>\n\t\t\t\t<div class=\"elementor-element elementor-element-57f4867 elementor-widget__width-auto bulina elementor-widget elementor-widget-heading\" data-id=\"57f4867\" data-element_type=\"widget\" data-e-type=\"widget\" data-widget_type=\"heading.default\">\n\t\t\t\t<div class=\"elementor-widget-container\">\n\t\t\t\t\t<span class=\"elementor-heading-title elementor-size-default\"><a href=\"https:\/\/medialabel-network-gmbh.jobs.personio.de\/job\/1283647?language=de\" target=\"_blank\" rel=\"nofollow\">Descripci\u00f3n del puesto <img decoding=\"async\" data-src=\"https:\/\/medialabel.com\/wp-content\/uploads\/2024\/03\/icon-arrow-right.svg\" style=\"height: 0.6em;margin: 0 0 2px 4px\" src=\"data:image\/svg+xml;base64,PHN2ZyB3aWR0aD0iMSIgaGVpZ2h0PSIxIiB4bWxucz0iaHR0cDovL3d3dy53My5vcmcvMjAwMC9zdmciPjwvc3ZnPg==\" class=\"lazyload\"><\/a><\/span>\t\t\t\t<\/div>\n\t\t\t\t<\/div>\n\t\t\t\t<\/div>\n\t\t\t\t<\/div>\n\t\t\t\t<\/div>\n\t\t\t\t<\/div>\n\t\t\t\t<\/div>\n\t\t\t\t\t<\/div>\n\t\t\t\t<\/div>\n\t\t\t\t<\/div>\n\t\t","protected":false},"excerpt":{"rendered":"<p>Motivaci\u00f3n equipo 50 entusiastas, una comunidad y t\u00fa. Trabajamos con marcas e influencers en nuestra propia plataforma de marketing de influencers basada en resultados. Las personas influyentes crean sus propios contenidos bas\u00e1ndose en las instrucciones que les damos nosotros y nuestros clientes, y dirigen las campa\u00f1as en sus canales. medialabel oficina Sala para crear. Tenemos [&hellip;]<\/p>\n","protected":false},"author":1,"featured_media":0,"parent":0,"menu_order":0,"comment_status":"closed","ping_status":"closed","template":"elementor_header_footer","meta":{"inline_featured_image":false,"footnotes":""},"class_list":["post-11541","page","type-page","status-publish","hentry"],"_links":{"self":[{"href":"https:\/\/medialabel.com\/es\/wp-json\/wp\/v2\/pages\/11541","targetHints":{"allow":["GET"]}}],"collection":[{"href":"https:\/\/medialabel.com\/es\/wp-json\/wp\/v2\/pages"}],"about":[{"href":"https:\/\/medialabel.com\/es\/wp-json\/wp\/v2\/types\/page"}],"author":[{"embeddable":true,"href":"https:\/\/medialabel.com\/es\/wp-json\/wp\/v2\/users\/1"}],"replies":[{"embeddable":true,"href":"https:\/\/medialabel.com\/es\/wp-json\/wp\/v2\/comments?post=11541"}],"version-history":[{"count":0,"href":"https:\/\/medialabel.com\/es\/wp-json\/wp\/v2\/pages\/11541\/revisions"}],"wp:attachment":[{"href":"https:\/\/medialabel.com\/es\/wp-json\/wp\/v2\/media?parent=11541"}],"curies":[{"name":"wp","href":"https:\/\/api.w.org\/{rel}","templated":true}]}}