{"id":11335,"date":"2024-03-19T20:02:43","date_gmt":"2024-03-19T18:02:43","guid":{"rendered":"https:\/\/medialabel.com\/lequipe\/"},"modified":"2025-01-31T20:36:08","modified_gmt":"2025-01-31T18:36:08","slug":"lequipe","status":"publish","type":"page","link":"https:\/\/medialabel.com\/fr\/lequipe\/","title":{"rendered":"L&rsquo;\u00e9quipe"},"content":{"rendered":"\t\t<div data-elementor-type=\"wp-page\" data-elementor-id=\"11335\" class=\"elementor elementor-11335 elementor-1856\" data-elementor-post-type=\"page\">\n\t\t\t\t<div class=\"elementor-element elementor-element-1cf11d1 section e-flex e-con-boxed e-con e-parent\" data-id=\"1cf11d1\" data-element_type=\"container\" data-e-type=\"container\">\n\t\t\t\t\t<div class=\"e-con-inner\">\n\t\t<div class=\"elementor-element elementor-element-a09df0b e-con-full rounded blue e-flex e-con e-child\" data-id=\"a09df0b\" data-element_type=\"container\" data-e-type=\"container\" data-settings=\"{&quot;background_background&quot;:&quot;classic&quot;}\">\n\t\t<div class=\"elementor-element elementor-element-aaa88c2 e-con-full e-flex e-con e-child\" data-id=\"aaa88c2\" data-element_type=\"container\" data-e-type=\"container\">\n\t\t<div class=\"elementor-element elementor-element-e9898f4 e-con-full blue e-flex e-con e-child\" data-id=\"e9898f4\" data-element_type=\"container\" data-e-type=\"container\" data-settings=\"{&quot;background_background&quot;:&quot;classic&quot;}\">\n\t\t<div class=\"elementor-element elementor-element-d2b75ab e-flex e-con-boxed e-con e-child\" data-id=\"d2b75ab\" data-element_type=\"container\" data-e-type=\"container\">\n\t\t\t\t\t<div class=\"e-con-inner\">\n\t\t<div class=\"elementor-element elementor-element-108e8a8 e-con-full e-flex e-con e-child\" data-id=\"108e8a8\" data-element_type=\"container\" data-e-type=\"container\">\n\t\t\t\t<div class=\"elementor-element elementor-element-ec1491c elementor-widget__width-auto bulina elementor-widget elementor-widget-heading\" data-id=\"ec1491c\" data-element_type=\"widget\" data-e-type=\"widget\" data-widget_type=\"heading.default\">\n\t\t\t\t<div class=\"elementor-widget-container\">\n\t\t\t\t\t<span class=\"elementor-heading-title elementor-size-default\">hi Motivation<\/span>\t\t\t\t<\/div>\n\t\t\t\t<\/div>\n\t\t\t\t<div class=\"elementor-element elementor-element-7faf9a7 box-title elementor-widget elementor-widget-heading\" data-id=\"7faf9a7\" data-element_type=\"widget\" data-e-type=\"widget\" data-widget_type=\"heading.default\">\n\t\t\t\t<div class=\"elementor-widget-container\">\n\t\t\t\t\t<h1 class=\"elementor-heading-title elementor-size-default\">l'\u00e9quipe<span class=\"red-dot\"><\/span><\/h1>\t\t\t\t<\/div>\n\t\t\t\t<\/div>\n\t\t\t\t<div class=\"elementor-element elementor-element-c1d362a box-subtitle elementor-widget elementor-widget-heading\" data-id=\"c1d362a\" data-element_type=\"widget\" data-e-type=\"widget\" data-widget_type=\"heading.default\">\n\t\t\t\t<div class=\"elementor-widget-container\">\n\t\t\t\t\t<h2 class=\"elementor-heading-title elementor-size-default\">50 passionn\u00e9s, une communaut\u00e9, et toi<\/h2>\t\t\t\t<\/div>\n\t\t\t\t<\/div>\n\t\t\t\t<\/div>\n\t\t<div class=\"elementor-element elementor-element-3ee1315 e-flex e-con-boxed e-con e-child\" data-id=\"3ee1315\" data-element_type=\"container\" data-e-type=\"container\">\n\t\t\t\t\t<div class=\"e-con-inner\">\n\t\t\t\t<div class=\"elementor-element elementor-element-755a799 box-text elementor-widget elementor-widget-heading\" data-id=\"755a799\" data-element_type=\"widget\" data-e-type=\"widget\" data-widget_type=\"heading.default\">\n\t\t\t\t<div class=\"elementor-widget-container\">\n\t\t\t\t\t<p class=\"elementor-heading-title elementor-size-default\"><b>Nous travaillons avec des marques et des influenceurs sur notre propre plateforme de marketing d'influence bas\u00e9e sur la performance. <\/b><br><br> Les influenceurs cr\u00e9ent leur propre contenu bas\u00e9 sur les briefings que nous et nos clients leur fournissons, puis ils g\u00e8rent les campagnes sur leurs propres cha\u00eenes. <\/p>\t\t\t\t<\/div>\n\t\t\t\t<\/div>\n\t\t\t\t\t<\/div>\n\t\t\t\t<\/div>\n\t\t\t\t\t<\/div>\n\t\t\t\t<\/div>\n\t\t\t\t<\/div>\n\t\t\t\t<\/div>\n\t\t\t\t<\/div>\n\t\t\t\t\t<\/div>\n\t\t\t\t<\/div>\n\t\t<div class=\"elementor-element elementor-element-ced9f9b e-flex e-con-boxed e-con e-parent\" data-id=\"ced9f9b\" data-element_type=\"container\" data-e-type=\"container\">\n\t\t\t\t\t<div class=\"e-con-inner\">\n\t\t\t\t<div class=\"elementor-element elementor-element-c2f1b15 elementor-widget elementor-widget-spacer\" data-id=\"c2f1b15\" data-element_type=\"widget\" data-e-type=\"widget\" data-widget_type=\"spacer.default\">\n\t\t\t\t<div class=\"elementor-widget-container\">\n\t\t\t\t\t\t\t<div class=\"elementor-spacer\">\n\t\t\t<div class=\"elementor-spacer-inner\"><\/div>\n\t\t<\/div>\n\t\t\t\t\t\t<\/div>\n\t\t\t\t<\/div>\n\t\t\t\t\t<\/div>\n\t\t\t\t<\/div>\n\t\t<div class=\"elementor-element elementor-element-4f0003e section e-flex e-con-boxed e-con e-parent\" data-id=\"4f0003e\" data-element_type=\"container\" data-e-type=\"container\">\n\t\t\t\t\t<div class=\"e-con-inner\">\n\t\t<div class=\"elementor-element elementor-element-edb0799 e-con-full unrounded grey e-flex e-con e-child\" data-id=\"edb0799\" data-element_type=\"container\" data-e-type=\"container\">\n\t\t\t\t<div class=\"elementor-element elementor-element-2e42630 box-subtitle3 elementor-widget elementor-widget-heading\" data-id=\"2e42630\" data-element_type=\"widget\" data-e-type=\"widget\" data-widget_type=\"heading.default\">\n\t\t\t\t<div class=\"elementor-widget-container\">\n\t\t\t\t\t<h2 class=\"elementor-heading-title elementor-size-default\">bureau medialabel<\/h2>\t\t\t\t<\/div>\n\t\t\t\t<\/div>\n\t\t<div class=\"elementor-element elementor-element-f124256 e-con-full e-flex e-con e-child\" data-id=\"f124256\" data-element_type=\"container\" data-e-type=\"container\">\n\t\t<div class=\"elementor-element elementor-element-f49bc1b e-con-full e-flex e-con e-child\" data-id=\"f49bc1b\" data-element_type=\"container\" data-e-type=\"container\">\n\t\t\t\t<div class=\"elementor-element elementor-element-abffc09 box-subtitle elementor-widget__width-initial elementor-widget elementor-widget-heading\" data-id=\"abffc09\" data-element_type=\"widget\" data-e-type=\"widget\" data-widget_type=\"heading.default\">\n\t\t\t\t<div class=\"elementor-widget-container\">\n\t\t\t\t\t<h3 class=\"elementor-heading-title elementor-size-default\">Un espace de cr\u00e9ation.<\/h3>\t\t\t\t<\/div>\n\t\t\t\t<\/div>\n\t\t\t\t<div class=\"elementor-element elementor-element-22251f7 box-text elementor-widget__width-initial elementor-widget elementor-widget-heading\" data-id=\"22251f7\" data-element_type=\"widget\" data-e-type=\"widget\" data-widget_type=\"heading.default\">\n\t\t\t\t<div class=\"elementor-widget-container\">\n\t\t\t\t\t<p class=\"elementor-heading-title elementor-size-default\">Nous avons une place pour chacun. Dans notre bureau moderne \u00e0 Berlin Mitte, nous t'offrons tout ce dont tu as besoin pour travailler \u2014 que tu pr\u00e9f\u00e8res travailler en groupe, seul, \u00e0 un bureau ou sur le canap\u00e9. Nous te garantissons la meilleure ambiance de travail et des technologies de pointe pour que tu puisses lib\u00e9rer ton potentiel.  <\/p>\t\t\t\t<\/div>\n\t\t\t\t<\/div>\n\t\t\t\t<\/div>\n\t\t<div class=\"elementor-element elementor-element-bc029f7 e-con-full blue rounded  e-flex e-con e-child\" data-id=\"bc029f7\" data-element_type=\"container\" data-e-type=\"container\" data-settings=\"{&quot;background_background&quot;:&quot;classic&quot;}\">\n\t\t\t\t<\/div>\n\t\t\t\t<\/div>\n\t\t\t\t<\/div>\n\t\t\t\t\t<\/div>\n\t\t\t\t<\/div>\n\t\t<div class=\"elementor-element elementor-element-a5e216f section e-flex e-con-boxed e-con e-parent\" data-id=\"a5e216f\" data-element_type=\"container\" data-e-type=\"container\">\n\t\t\t\t\t<div class=\"e-con-inner\">\n\t\t\t\t<div class=\"elementor-element elementor-element-1652902 elementor-widget elementor-widget-html\" data-id=\"1652902\" data-element_type=\"widget\" data-e-type=\"widget\" data-widget_type=\"html.default\">\n\t\t\t\t<div class=\"elementor-widget-container\">\n\t\t\t\t\t<a name=\"career\"><\/a>\t\t\t\t<\/div>\n\t\t\t\t<\/div>\n\t\t<div class=\"elementor-element elementor-element-7f696e7 e-con-full unrounded e-flex e-con e-child\" data-id=\"7f696e7\" data-element_type=\"container\" data-e-type=\"container\">\n\t\t<div class=\"elementor-element elementor-element-47ea2bc e-con-full justrounded blue e-flex e-con e-child\" data-id=\"47ea2bc\" data-element_type=\"container\" data-e-type=\"container\" data-settings=\"{&quot;background_background&quot;:&quot;classic&quot;}\">\n\t\t<div class=\"elementor-element elementor-element-34febda e-con-full e-flex e-con e-child\" data-id=\"34febda\" data-element_type=\"container\" data-e-type=\"container\">\n\t\t\t\t<div class=\"elementor-element elementor-element-f85d6b4 box-subtitle elementor-widget__width-initial elementor-widget elementor-widget-heading\" data-id=\"f85d6b4\" data-element_type=\"widget\" data-e-type=\"widget\" data-widget_type=\"heading.default\">\n\t\t\t\t<div class=\"elementor-widget-container\">\n\t\t\t\t\t<h2 class=\"elementor-heading-title elementor-size-default\">Notre mission, tes avantages.<\/h2>\t\t\t\t<\/div>\n\t\t\t\t<\/div>\n\t\t\t\t<div class=\"elementor-element elementor-element-bb875c8 box-text elementor-widget elementor-widget-text-editor\" data-id=\"bb875c8\" data-element_type=\"widget\" data-e-type=\"widget\" data-widget_type=\"text-editor.default\">\n\t\t\t\t<div class=\"elementor-widget-container\">\n\t\t\t\t\t\t\t\t\t<p><strong>Nous croyons que le marketing d\u2019influence doit \u00eatre mesurable et pr\u00e9visible. Aucun compromis. <\/strong><\/p>\n<p>Mais nous avons besoin de toi pour r\u00e9ussir. En plus d\u2019un bureau moderne, nous t\u2019offrons \u00e9galement des subventions pour les transports en commun, l\u2019Urban Sports Club, ou ton d\u00e9jeuner.  <\/p>\n\t\t\t\t\t\t\t\t<\/div>\n\t\t\t\t<\/div>\n\t\t\t\t<\/div>\n\t\t\t\t<\/div>\n\t\t<div class=\"elementor-element elementor-element-2547b42 e-con-full justrounded white e-flex e-con e-child\" data-id=\"2547b42\" data-element_type=\"container\" data-e-type=\"container\" data-settings=\"{&quot;background_background&quot;:&quot;classic&quot;}\">\n\t\t<div class=\"elementor-element elementor-element-f32e60e e-con-full e-flex e-con e-child\" data-id=\"f32e60e\" data-element_type=\"container\" data-e-type=\"container\">\n\t\t\t\t<div class=\"elementor-element elementor-element-37345dd box-subtitle3 elementor-widget elementor-widget-heading\" data-id=\"37345dd\" data-element_type=\"widget\" data-e-type=\"widget\" data-widget_type=\"heading.default\">\n\t\t\t\t<div class=\"elementor-widget-container\">\n\t\t\t\t\t<h2 class=\"elementor-heading-title elementor-size-default\">hi Nouveau Job<\/h2>\t\t\t\t<\/div>\n\t\t\t\t<\/div>\n\t\t\t\t<div class=\"elementor-element elementor-element-b75c015 box-subtitle elementor-widget__width-initial elementor-widget elementor-widget-heading\" data-id=\"b75c015\" data-element_type=\"widget\" data-e-type=\"widget\" data-widget_type=\"heading.default\">\n\t\t\t\t<div class=\"elementor-widget-container\">\n\t\t\t\t\t<h3 class=\"elementor-heading-title elementor-size-default\">Nous recherchons toujours des talents ! Tu n'as pas trouv\u00e9 de poste qui te convienne ? Peut-\u00eatre pouvons-nous encore te trouver une place.  <\/h3>\t\t\t\t<\/div>\n\t\t\t\t<\/div>\n\t\t\t\t<div class=\"elementor-element elementor-element-ed50c4f box-but right elementor-widget elementor-widget-button\" data-id=\"ed50c4f\" data-element_type=\"widget\" data-e-type=\"widget\" data-widget_type=\"button.default\">\n\t\t\t\t<div class=\"elementor-widget-container\">\n\t\t\t\t\t\t\t\t\t<div class=\"elementor-button-wrapper\">\n\t\t\t\t\t<a class=\"elementor-button elementor-button-link elementor-size-sm\" href=\"https:\/\/medialabel-network-gmbh.jobs.personio.de\/?language=en\" target=\"_blank\">\n\t\t\t\t\t\t<span class=\"elementor-button-content-wrapper\">\n\t\t\t\t\t\t<span class=\"elementor-button-icon\">\n\t\t\t\t<svg xmlns=\"http:\/\/www.w3.org\/2000\/svg\" width=\"66\" height=\"32\" viewBox=\"0 0 66 32\" fill=\"none\"><path d=\"M49.17 31.205L64.37 16.005L49.17 0.794983\" stroke=\"white\" stroke-width=\"2\" stroke-miterlimit=\"10\"><\/path><path d=\"M0 16.005H64\" stroke=\"white\" stroke-width=\"2\" stroke-miterlimit=\"10\"><\/path><\/svg>\t\t\t<\/span>\n\t\t\t\t\t\t\t\t\t<span class=\"elementor-button-text\">VOIR TOUS LES POSTES OUVERTS<\/span>\n\t\t\t\t\t<\/span>\n\t\t\t\t\t<\/a>\n\t\t\t\t<\/div>\n\t\t\t\t\t\t\t\t<\/div>\n\t\t\t\t<\/div>\n\t\t\t\t<\/div>\n\t\t\t\t<\/div>\n\t\t<div class=\"elementor-element elementor-element-283c7a3 e-con-full e-flex e-con e-child\" data-id=\"283c7a3\" data-element_type=\"container\" data-e-type=\"container\">\n\t\t\t\t<\/div>\n\t\t\t\t<\/div>\n\t\t\t\t\t<\/div>\n\t\t\t\t<\/div>\n\t\t\t\t<\/div>\n\t\t","protected":false},"excerpt":{"rendered":"<p>hi Motivation l&rsquo;\u00e9quipe 50 passionn\u00e9s, une communaut\u00e9, et toi Nous travaillons avec des marques et des influenceurs sur notre propre plateforme de marketing d&rsquo;influence bas\u00e9e sur la performance. Les influenceurs cr\u00e9ent leur propre contenu bas\u00e9 sur les briefings que nous et nos clients leur fournissons, puis ils g\u00e8rent les campagnes sur leurs propres cha\u00eenes. bureau [&hellip;]<\/p>\n","protected":false},"author":1,"featured_media":0,"parent":0,"menu_order":0,"comment_status":"closed","ping_status":"closed","template":"elementor_header_footer","meta":{"inline_featured_image":false,"footnotes":""},"class_list":["post-11335","page","type-page","status-publish","hentry"],"_links":{"self":[{"href":"https:\/\/medialabel.com\/fr\/wp-json\/wp\/v2\/pages\/11335","targetHints":{"allow":["GET"]}}],"collection":[{"href":"https:\/\/medialabel.com\/fr\/wp-json\/wp\/v2\/pages"}],"about":[{"href":"https:\/\/medialabel.com\/fr\/wp-json\/wp\/v2\/types\/page"}],"author":[{"embeddable":true,"href":"https:\/\/medialabel.com\/fr\/wp-json\/wp\/v2\/users\/1"}],"replies":[{"embeddable":true,"href":"https:\/\/medialabel.com\/fr\/wp-json\/wp\/v2\/comments?post=11335"}],"version-history":[{"count":0,"href":"https:\/\/medialabel.com\/fr\/wp-json\/wp\/v2\/pages\/11335\/revisions"}],"wp:attachment":[{"href":"https:\/\/medialabel.com\/fr\/wp-json\/wp\/v2\/media?parent=11335"}],"curies":[{"name":"wp","href":"https:\/\/api.w.org\/{rel}","templated":true}]}}